{"id":7735,"date":"2019-05-27T12:48:58","date_gmt":"2019-05-27T09:48:58","guid":{"rendered":"https:\/\/edico.com.tr\/hakkimizda\/"},"modified":"2020-11-02T16:07:03","modified_gmt":"2020-11-02T13:07:03","slug":"about-us","status":"publish","type":"page","link":"https:\/\/edico.com.tr\/en\/about-us\/","title":{"rendered":"About us"},"content":{"rendered":"<p>[vc_row][vc_column][vc_column_text text_larger=&#8221;no&#8221;]<\/p>\n<div class=\"bg-gri\">\n<div class=\"container\">\n<div class=\"row\">\n<div class=\"col-md-8\">\n<div class=\"hakkimizda-icerik\">\n<h1>Who we are<\/h1>\n<p>We have founded Edico Barkod ve Etiket with the experience we have gained in the industry since 2000. While taking the pulse of the industry at our office in Istanbul Topkap\u0131, we also are accommodating to the developing technology, serving with high standards and a customer-oriented approach.<\/p>\n<p>We produce thermal transfer ribbons and printed or unprinted labels of all kinds like glossy, PP, silver metallic, carton, laser labels, and washing instructions. We also provide equipment such as inkjet printers, barcode readers, and after-sales service for this equipment.<\/p>\n<p>Working without sectoral limitations, we add value to products in ready-to-wear, home textile, shoes, plastics, lightning, health, automobile, cosmetics, chemistry, stationery, cleaning industries, and many more.<\/p>\n<\/div>\n<\/div>\n<\/div>\n<\/div>\n<\/div>\n<p>[\/vc_column_text][\/vc_column][\/vc_row]<\/p>\n","protected":false},"excerpt":{"rendered":"<p>[vc_row][vc_column][vc_column_text text_larger=&#8221;no&#8221;] Who we are We have founded Edico Barkod ve Etiket with the experience we have gained in the<\/p>\n","protected":false},"author":1,"featured_media":0,"parent":0,"menu_order":0,"comment_status":"closed","ping_status":"closed","template":"","meta":{"_monsterinsights_skip_tracking":false,"_monsterinsights_sitenote_active":false,"_monsterinsights_sitenote_note":"","_monsterinsights_sitenote_category":0,"footnotes":""},"class_list":["post-7735","page","type-page","status-publish","hentry"],"yoast_head":"<!-- This site is optimized with the Yoast SEO plugin v24.6 - https:\/\/yoast.com\/wordpress\/plugins\/seo\/ -->\n<title>About us - Edico Etiket | Etiket ve Barkod<\/title>\n<meta name=\"description\" content=\"Edico Barkod ve Etiket olarak 2000 y\u0131l\u0131ndan beri sekt\u00f6re y\u0131llard\u0131r emek vermi\u015f tecr\u00fcbeli ki\u015filer taraf\u0131ndan kurulmu\u015f sekt\u00f6r\u00fcn nabz\u0131n\u0131 tutarak kaliteli..\" \/>\n<meta name=\"robots\" content=\"index, follow, max-snippet:-1, max-image-preview:large, max-video-preview:-1\" \/>\n<link rel=\"canonical\" href=\"https:\/\/edico.com.tr\/en\/about-us\/\" \/>\n<meta property=\"og:locale\" content=\"en_US\" \/>\n<meta property=\"og:type\" content=\"article\" \/>\n<meta property=\"og:title\" content=\"About us - Edico Etiket | Etiket ve Barkod\" \/>\n<meta property=\"og:description\" content=\"Edico Barkod ve Etiket olarak 2000 y\u0131l\u0131ndan beri sekt\u00f6re y\u0131llard\u0131r emek vermi\u015f tecr\u00fcbeli ki\u015filer taraf\u0131ndan kurulmu\u015f sekt\u00f6r\u00fcn nabz\u0131n\u0131 tutarak kaliteli..\" \/>\n<meta property=\"og:url\" content=\"https:\/\/edico.com.tr\/en\/about-us\/\" \/>\n<meta property=\"og:site_name\" content=\"Edico Etiket\" \/>\n<meta property=\"article:modified_time\" content=\"2020-11-02T13:07:03+00:00\" \/>\n<meta name=\"twitter:card\" content=\"summary_large_image\" \/>\n<meta name=\"twitter:label1\" content=\"Est. reading time\" \/>\n\t<meta name=\"twitter:data1\" content=\"1 minute\" \/>\n<script type=\"application\/ld+json\" class=\"yoast-schema-graph\">{\"@context\":\"https:\/\/schema.org\",\"@graph\":[{\"@type\":\"WebPage\",\"@id\":\"https:\/\/edico.com.tr\/en\/about-us\/\",\"url\":\"https:\/\/edico.com.tr\/en\/about-us\/\",\"name\":\"About us - Edico Etiket | Etiket ve Barkod\",\"isPartOf\":{\"@id\":\"https:\/\/edico.com.tr\/en\/#website\"},\"datePublished\":\"2019-05-27T09:48:58+00:00\",\"dateModified\":\"2020-11-02T13:07:03+00:00\",\"description\":\"Edico Barkod ve Etiket olarak 2000 y\u0131l\u0131ndan beri sekt\u00f6re y\u0131llard\u0131r emek vermi\u015f tecr\u00fcbeli ki\u015filer taraf\u0131ndan kurulmu\u015f sekt\u00f6r\u00fcn nabz\u0131n\u0131 tutarak kaliteli..\",\"inLanguage\":\"en-US\",\"potentialAction\":[{\"@type\":\"ReadAction\",\"target\":[\"https:\/\/edico.com.tr\/en\/about-us\/\"]}]},{\"@type\":\"WebSite\",\"@id\":\"https:\/\/edico.com.tr\/en\/#website\",\"url\":\"https:\/\/edico.com.tr\/en\/\",\"name\":\"Edico Etiket\",\"description\":\"Bask\u0131l\u0131 ve Bask\u0131s\u0131z Etiket \u00dcreticisi\",\"potentialAction\":[{\"@type\":\"SearchAction\",\"target\":{\"@type\":\"EntryPoint\",\"urlTemplate\":\"https:\/\/edico.com.tr\/en\/?s={search_term_string}\"},\"query-input\":{\"@type\":\"PropertyValueSpecification\",\"valueRequired\":true,\"valueName\":\"search_term_string\"}}],\"inLanguage\":\"en-US\"}]}<\/script>\n<!-- \/ Yoast SEO plugin. -->","yoast_head_json":{"title":"About us - Edico Etiket | Etiket ve Barkod","description":"Edico Barkod ve Etiket olarak 2000 y\u0131l\u0131ndan beri sekt\u00f6re y\u0131llard\u0131r emek vermi\u015f tecr\u00fcbeli ki\u015filer taraf\u0131ndan kurulmu\u015f sekt\u00f6r\u00fcn nabz\u0131n\u0131 tutarak kaliteli..","robots":{"index":"index","follow":"follow","max-snippet":"max-snippet:-1","max-image-preview":"max-image-preview:large","max-video-preview":"max-video-preview:-1"},"canonical":"https:\/\/edico.com.tr\/en\/about-us\/","og_locale":"en_US","og_type":"article","og_title":"About us - Edico Etiket | Etiket ve Barkod","og_description":"Edico Barkod ve Etiket olarak 2000 y\u0131l\u0131ndan beri sekt\u00f6re y\u0131llard\u0131r emek vermi\u015f tecr\u00fcbeli ki\u015filer taraf\u0131ndan kurulmu\u015f sekt\u00f6r\u00fcn nabz\u0131n\u0131 tutarak kaliteli..","og_url":"https:\/\/edico.com.tr\/en\/about-us\/","og_site_name":"Edico Etiket","article_modified_time":"2020-11-02T13:07:03+00:00","twitter_card":"summary_large_image","twitter_misc":{"Est. reading time":"1 minute"},"schema":{"@context":"https:\/\/schema.org","@graph":[{"@type":"WebPage","@id":"https:\/\/edico.com.tr\/en\/about-us\/","url":"https:\/\/edico.com.tr\/en\/about-us\/","name":"About us - Edico Etiket | Etiket ve Barkod","isPartOf":{"@id":"https:\/\/edico.com.tr\/en\/#website"},"datePublished":"2019-05-27T09:48:58+00:00","dateModified":"2020-11-02T13:07:03+00:00","description":"Edico Barkod ve Etiket olarak 2000 y\u0131l\u0131ndan beri sekt\u00f6re y\u0131llard\u0131r emek vermi\u015f tecr\u00fcbeli ki\u015filer taraf\u0131ndan kurulmu\u015f sekt\u00f6r\u00fcn nabz\u0131n\u0131 tutarak kaliteli..","inLanguage":"en-US","potentialAction":[{"@type":"ReadAction","target":["https:\/\/edico.com.tr\/en\/about-us\/"]}]},{"@type":"WebSite","@id":"https:\/\/edico.com.tr\/en\/#website","url":"https:\/\/edico.com.tr\/en\/","name":"Edico Etiket","description":"Bask\u0131l\u0131 ve Bask\u0131s\u0131z Etiket \u00dcreticisi","potentialAction":[{"@type":"SearchAction","target":{"@type":"EntryPoint","urlTemplate":"https:\/\/edico.com.tr\/en\/?s={search_term_string}"},"query-input":{"@type":"PropertyValueSpecification","valueRequired":true,"valueName":"search_term_string"}}],"inLanguage":"en-US"}]}},"_links":{"self":[{"href":"https:\/\/edico.com.tr\/en\/wp-json\/wp\/v2\/pages\/7735","targetHints":{"allow":["GET"]}}],"collection":[{"href":"https:\/\/edico.com.tr\/en\/wp-json\/wp\/v2\/pages"}],"about":[{"href":"https:\/\/edico.com.tr\/en\/wp-json\/wp\/v2\/types\/page"}],"author":[{"embeddable":true,"href":"https:\/\/edico.com.tr\/en\/wp-json\/wp\/v2\/users\/1"}],"replies":[{"embeddable":true,"href":"https:\/\/edico.com.tr\/en\/wp-json\/wp\/v2\/comments?post=7735"}],"version-history":[{"count":7,"href":"https:\/\/edico.com.tr\/en\/wp-json\/wp\/v2\/pages\/7735\/revisions"}],"predecessor-version":[{"id":8756,"href":"https:\/\/edico.com.tr\/en\/wp-json\/wp\/v2\/pages\/7735\/revisions\/8756"}],"wp:attachment":[{"href":"https:\/\/edico.com.tr\/en\/wp-json\/wp\/v2\/media?parent=7735"}],"curies":[{"name":"wp","href":"https:\/\/api.w.org\/{rel}","templated":true}]}}