{"id":8181,"date":"2020-10-27T17:46:56","date_gmt":"2020-10-27T14:46:56","guid":{"rendered":"https:\/\/edico.com.tr\/insan-kaynaklari\/"},"modified":"2020-10-30T23:25:26","modified_gmt":"2020-10-30T20:25:26","slug":"human-resources","status":"publish","type":"page","link":"https:\/\/edico.com.tr\/en\/human-resources\/","title":{"rendered":"Human Resources"},"content":{"rendered":"<p>[vc_row][vc_column][vc_custom_heading text=&#8221;Open Positions&#8221; font_container=&#8221;tag:h1|text_align:left|color:%23000000&#8243; use_theme_fonts=&#8221;yes&#8221;][vc_column_text text_larger=&#8221;no&#8221;]<\/p>\n<ul>\n<li>Sales Representative<\/li>\n<li>Accountant<\/li>\n<li>Import Manager<\/li>\n<li>Designer<\/li>\n<li>Photographer<\/li>\n<\/ul>\n<p>[\/vc_column_text][vc_message]<strong>For your job applications, send your CV to <a href=\"mailto:ik@edico.com.tr\">ik@edico.com.tr<\/a> mail address.<\/strong>[\/vc_message][\/vc_column][\/vc_row]<\/p>\n","protected":false},"excerpt":{"rendered":"<p>[vc_row][vc_column][vc_custom_heading text=&#8221;Open Positions&#8221; font_container=&#8221;tag:h1|text_align:left|color:%23000000&#8243; use_theme_fonts=&#8221;yes&#8221;][vc_column_text text_larger=&#8221;no&#8221;] Sales Representative Accountant Import Manager Designer Photographer [\/vc_column_text][vc_message]For your job applications, send your CV<\/p>\n","protected":false},"author":1,"featured_media":0,"parent":0,"menu_order":0,"comment_status":"closed","ping_status":"closed","template":"","meta":{"_monsterinsights_skip_tracking":false,"_monsterinsights_sitenote_active":false,"_monsterinsights_sitenote_note":"","_monsterinsights_sitenote_category":0,"footnotes":""},"class_list":["post-8181","page","type-page","status-publish","hentry"],"yoast_head":"<!-- This site is optimized with the Yoast SEO plugin v24.6 - https:\/\/yoast.com\/wordpress\/plugins\/seo\/ -->\n<title>Human Resources - Edico Etiket<\/title>\n<meta name=\"robots\" content=\"index, follow, max-snippet:-1, max-image-preview:large, max-video-preview:-1\" \/>\n<link rel=\"canonical\" href=\"https:\/\/edico.com.tr\/en\/human-resources\/\" \/>\n<meta property=\"og:locale\" content=\"en_US\" \/>\n<meta property=\"og:type\" content=\"article\" \/>\n<meta property=\"og:title\" content=\"Human Resources - Edico Etiket\" \/>\n<meta property=\"og:description\" content=\"[vc_row][vc_column][vc_custom_heading text=&#8221;Open Positions&#8221; font_container=&#8221;tag:h1|text_align:left|color:%23000000&#8243; use_theme_fonts=&#8221;yes&#8221;][vc_column_text text_larger=&#8221;no&#8221;] Sales Representative Accountant Import Manager Designer Photographer [\/vc_column_text][vc_message]For your job applications, send your CV\" \/>\n<meta property=\"og:url\" content=\"https:\/\/edico.com.tr\/en\/human-resources\/\" \/>\n<meta property=\"og:site_name\" content=\"Edico Etiket\" \/>\n<meta property=\"article:modified_time\" content=\"2020-10-30T20:25:26+00:00\" \/>\n<meta name=\"twitter:card\" content=\"summary_large_image\" \/>\n<script type=\"application\/ld+json\" class=\"yoast-schema-graph\">{\"@context\":\"https:\/\/schema.org\",\"@graph\":[{\"@type\":\"WebPage\",\"@id\":\"https:\/\/edico.com.tr\/en\/human-resources\/\",\"url\":\"https:\/\/edico.com.tr\/en\/human-resources\/\",\"name\":\"Human Resources - Edico Etiket\",\"isPartOf\":{\"@id\":\"https:\/\/edico.com.tr\/en\/#website\"},\"datePublished\":\"2020-10-27T14:46:56+00:00\",\"dateModified\":\"2020-10-30T20:25:26+00:00\",\"inLanguage\":\"en-US\",\"potentialAction\":[{\"@type\":\"ReadAction\",\"target\":[\"https:\/\/edico.com.tr\/en\/human-resources\/\"]}]},{\"@type\":\"WebSite\",\"@id\":\"https:\/\/edico.com.tr\/en\/#website\",\"url\":\"https:\/\/edico.com.tr\/en\/\",\"name\":\"Edico Etiket\",\"description\":\"Bask\u0131l\u0131 ve Bask\u0131s\u0131z Etiket \u00dcreticisi\",\"potentialAction\":[{\"@type\":\"SearchAction\",\"target\":{\"@type\":\"EntryPoint\",\"urlTemplate\":\"https:\/\/edico.com.tr\/en\/?s={search_term_string}\"},\"query-input\":{\"@type\":\"PropertyValueSpecification\",\"valueRequired\":true,\"valueName\":\"search_term_string\"}}],\"inLanguage\":\"en-US\"}]}<\/script>\n<!-- \/ Yoast SEO plugin. -->","yoast_head_json":{"title":"Human Resources - Edico Etiket","robots":{"index":"index","follow":"follow","max-snippet":"max-snippet:-1","max-image-preview":"max-image-preview:large","max-video-preview":"max-video-preview:-1"},"canonical":"https:\/\/edico.com.tr\/en\/human-resources\/","og_locale":"en_US","og_type":"article","og_title":"Human Resources - Edico Etiket","og_description":"[vc_row][vc_column][vc_custom_heading text=&#8221;Open Positions&#8221; font_container=&#8221;tag:h1|text_align:left|color:%23000000&#8243; use_theme_fonts=&#8221;yes&#8221;][vc_column_text text_larger=&#8221;no&#8221;] Sales Representative Accountant Import Manager Designer Photographer [\/vc_column_text][vc_message]For your job applications, send your CV","og_url":"https:\/\/edico.com.tr\/en\/human-resources\/","og_site_name":"Edico Etiket","article_modified_time":"2020-10-30T20:25:26+00:00","twitter_card":"summary_large_image","schema":{"@context":"https:\/\/schema.org","@graph":[{"@type":"WebPage","@id":"https:\/\/edico.com.tr\/en\/human-resources\/","url":"https:\/\/edico.com.tr\/en\/human-resources\/","name":"Human Resources - Edico Etiket","isPartOf":{"@id":"https:\/\/edico.com.tr\/en\/#website"},"datePublished":"2020-10-27T14:46:56+00:00","dateModified":"2020-10-30T20:25:26+00:00","inLanguage":"en-US","potentialAction":[{"@type":"ReadAction","target":["https:\/\/edico.com.tr\/en\/human-resources\/"]}]},{"@type":"WebSite","@id":"https:\/\/edico.com.tr\/en\/#website","url":"https:\/\/edico.com.tr\/en\/","name":"Edico Etiket","description":"Bask\u0131l\u0131 ve Bask\u0131s\u0131z Etiket \u00dcreticisi","potentialAction":[{"@type":"SearchAction","target":{"@type":"EntryPoint","urlTemplate":"https:\/\/edico.com.tr\/en\/?s={search_term_string}"},"query-input":{"@type":"PropertyValueSpecification","valueRequired":true,"valueName":"search_term_string"}}],"inLanguage":"en-US"}]}},"_links":{"self":[{"href":"https:\/\/edico.com.tr\/en\/wp-json\/wp\/v2\/pages\/8181","targetHints":{"allow":["GET"]}}],"collection":[{"href":"https:\/\/edico.com.tr\/en\/wp-json\/wp\/v2\/pages"}],"about":[{"href":"https:\/\/edico.com.tr\/en\/wp-json\/wp\/v2\/types\/page"}],"author":[{"embeddable":true,"href":"https:\/\/edico.com.tr\/en\/wp-json\/wp\/v2\/users\/1"}],"replies":[{"embeddable":true,"href":"https:\/\/edico.com.tr\/en\/wp-json\/wp\/v2\/comments?post=8181"}],"version-history":[{"count":2,"href":"https:\/\/edico.com.tr\/en\/wp-json\/wp\/v2\/pages\/8181\/revisions"}],"predecessor-version":[{"id":8183,"href":"https:\/\/edico.com.tr\/en\/wp-json\/wp\/v2\/pages\/8181\/revisions\/8183"}],"wp:attachment":[{"href":"https:\/\/edico.com.tr\/en\/wp-json\/wp\/v2\/media?parent=8181"}],"curies":[{"name":"wp","href":"https:\/\/api.w.org\/{rel}","templated":true}]}}