{"id":8184,"date":"2020-10-27T17:54:07","date_gmt":"2020-10-27T14:54:07","guid":{"rendered":"https:\/\/edico.com.tr\/uretim\/"},"modified":"2020-11-02T15:24:34","modified_gmt":"2020-11-02T12:24:34","slug":"production","status":"publish","type":"page","link":"https:\/\/edico.com.tr\/en\/production\/","title":{"rendered":"Production"},"content":{"rendered":"<p>[vc_row][vc_column][vc_column_text text_larger=&#8221;no&#8221;]<strong>PRODUCTION\u00a0<\/strong><br \/>\nWe provide quality products with a broad range. Suitable for photocopiers, laser, inkjet, and dot-matrix printers, Edico labels will organize your life while making it easier and more colorful. Our barcode labels, which can be customized as printed or unprinted, serve from supermarkets to industrialists and businesses, even to the education sector.<\/p>\n<p><strong>R&amp;D PRODUCT DEVELOPMENT<\/strong><br \/>\nYou can make arrangements for your presentations with our file labels. And you can improve your creativity with the transparent labels, which show the background color and seen as a print when stuck. Also, do not forget to try what opportunities our removable labels provide, which you can remove and stick all over again.<\/p>\n<p><strong>DESIGN AND PRINTING PROCESS<\/strong><br \/>\nOur design process is performed considering ease of use and user needs. With our advanced technology machines, prints are printed fast with precision and high quality.<\/p>\n<p><strong>QUALITY CONTROL<\/strong><br \/>\nOur quality controls are performed by ISO 9001: 2008, ISO 14001: 2004, OHSAS 18001: 2008 standards with great caution.[\/vc_column_text][\/vc_column][\/vc_row][vc_row][vc_column][vc_gallery type=&#8221;image_grid&#8221; images=&#8221;7862,7864,7866,7868,7870,7873,7875,7877,7879,7881&#8243; img_size=&#8221;550X300&#8243; onclick=&#8221;&#8221;][\/vc_column][\/vc_row]<\/p>\n","protected":false},"excerpt":{"rendered":"<p>[vc_row][vc_column][vc_column_text text_larger=&#8221;no&#8221;]PRODUCTION\u00a0 We provide quality products with a broad range. Suitable for photocopiers, laser, inkjet, and dot-matrix printers, Edico labels<\/p>\n","protected":false},"author":1,"featured_media":0,"parent":0,"menu_order":0,"comment_status":"closed","ping_status":"closed","template":"","meta":{"_monsterinsights_skip_tracking":false,"_monsterinsights_sitenote_active":false,"_monsterinsights_sitenote_note":"","_monsterinsights_sitenote_category":0,"footnotes":""},"class_list":["post-8184","page","type-page","status-publish","hentry"],"yoast_head":"<!-- This site is optimized with the Yoast SEO plugin v24.6 - https:\/\/yoast.com\/wordpress\/plugins\/seo\/ -->\n<title>Production - Edico Etiket<\/title>\n<meta name=\"robots\" content=\"index, follow, max-snippet:-1, max-image-preview:large, max-video-preview:-1\" \/>\n<link rel=\"canonical\" href=\"https:\/\/edico.com.tr\/en\/production\/\" \/>\n<meta property=\"og:locale\" content=\"en_US\" \/>\n<meta property=\"og:type\" content=\"article\" \/>\n<meta property=\"og:title\" content=\"Production - Edico Etiket\" \/>\n<meta property=\"og:description\" content=\"[vc_row][vc_column][vc_column_text text_larger=&#8221;no&#8221;]PRODUCTION\u00a0 We provide quality products with a broad range. Suitable for photocopiers, laser, inkjet, and dot-matrix printers, Edico labels\" \/>\n<meta property=\"og:url\" content=\"https:\/\/edico.com.tr\/en\/production\/\" \/>\n<meta property=\"og:site_name\" content=\"Edico Etiket\" \/>\n<meta property=\"article:modified_time\" content=\"2020-11-02T12:24:34+00:00\" \/>\n<meta name=\"twitter:card\" content=\"summary_large_image\" \/>\n<meta name=\"twitter:label1\" content=\"Est. reading time\" \/>\n\t<meta name=\"twitter:data1\" content=\"1 minute\" \/>\n<script type=\"application\/ld+json\" class=\"yoast-schema-graph\">{\"@context\":\"https:\/\/schema.org\",\"@graph\":[{\"@type\":\"WebPage\",\"@id\":\"https:\/\/edico.com.tr\/en\/production\/\",\"url\":\"https:\/\/edico.com.tr\/en\/production\/\",\"name\":\"Production - Edico Etiket\",\"isPartOf\":{\"@id\":\"https:\/\/edico.com.tr\/en\/#website\"},\"datePublished\":\"2020-10-27T14:54:07+00:00\",\"dateModified\":\"2020-11-02T12:24:34+00:00\",\"inLanguage\":\"en-US\",\"potentialAction\":[{\"@type\":\"ReadAction\",\"target\":[\"https:\/\/edico.com.tr\/en\/production\/\"]}]},{\"@type\":\"WebSite\",\"@id\":\"https:\/\/edico.com.tr\/en\/#website\",\"url\":\"https:\/\/edico.com.tr\/en\/\",\"name\":\"Edico Etiket\",\"description\":\"Bask\u0131l\u0131 ve Bask\u0131s\u0131z Etiket \u00dcreticisi\",\"potentialAction\":[{\"@type\":\"SearchAction\",\"target\":{\"@type\":\"EntryPoint\",\"urlTemplate\":\"https:\/\/edico.com.tr\/en\/?s={search_term_string}\"},\"query-input\":{\"@type\":\"PropertyValueSpecification\",\"valueRequired\":true,\"valueName\":\"search_term_string\"}}],\"inLanguage\":\"en-US\"}]}<\/script>\n<!-- \/ Yoast SEO plugin. -->","yoast_head_json":{"title":"Production - Edico Etiket","robots":{"index":"index","follow":"follow","max-snippet":"max-snippet:-1","max-image-preview":"max-image-preview:large","max-video-preview":"max-video-preview:-1"},"canonical":"https:\/\/edico.com.tr\/en\/production\/","og_locale":"en_US","og_type":"article","og_title":"Production - Edico Etiket","og_description":"[vc_row][vc_column][vc_column_text text_larger=&#8221;no&#8221;]PRODUCTION\u00a0 We provide quality products with a broad range. Suitable for photocopiers, laser, inkjet, and dot-matrix printers, Edico labels","og_url":"https:\/\/edico.com.tr\/en\/production\/","og_site_name":"Edico Etiket","article_modified_time":"2020-11-02T12:24:34+00:00","twitter_card":"summary_large_image","twitter_misc":{"Est. reading time":"1 minute"},"schema":{"@context":"https:\/\/schema.org","@graph":[{"@type":"WebPage","@id":"https:\/\/edico.com.tr\/en\/production\/","url":"https:\/\/edico.com.tr\/en\/production\/","name":"Production - Edico Etiket","isPartOf":{"@id":"https:\/\/edico.com.tr\/en\/#website"},"datePublished":"2020-10-27T14:54:07+00:00","dateModified":"2020-11-02T12:24:34+00:00","inLanguage":"en-US","potentialAction":[{"@type":"ReadAction","target":["https:\/\/edico.com.tr\/en\/production\/"]}]},{"@type":"WebSite","@id":"https:\/\/edico.com.tr\/en\/#website","url":"https:\/\/edico.com.tr\/en\/","name":"Edico Etiket","description":"Bask\u0131l\u0131 ve Bask\u0131s\u0131z Etiket \u00dcreticisi","potentialAction":[{"@type":"SearchAction","target":{"@type":"EntryPoint","urlTemplate":"https:\/\/edico.com.tr\/en\/?s={search_term_string}"},"query-input":{"@type":"PropertyValueSpecification","valueRequired":true,"valueName":"search_term_string"}}],"inLanguage":"en-US"}]}},"_links":{"self":[{"href":"https:\/\/edico.com.tr\/en\/wp-json\/wp\/v2\/pages\/8184","targetHints":{"allow":["GET"]}}],"collection":[{"href":"https:\/\/edico.com.tr\/en\/wp-json\/wp\/v2\/pages"}],"about":[{"href":"https:\/\/edico.com.tr\/en\/wp-json\/wp\/v2\/types\/page"}],"author":[{"embeddable":true,"href":"https:\/\/edico.com.tr\/en\/wp-json\/wp\/v2\/users\/1"}],"replies":[{"embeddable":true,"href":"https:\/\/edico.com.tr\/en\/wp-json\/wp\/v2\/comments?post=8184"}],"version-history":[{"count":9,"href":"https:\/\/edico.com.tr\/en\/wp-json\/wp\/v2\/pages\/8184\/revisions"}],"predecessor-version":[{"id":8746,"href":"https:\/\/edico.com.tr\/en\/wp-json\/wp\/v2\/pages\/8184\/revisions\/8746"}],"wp:attachment":[{"href":"https:\/\/edico.com.tr\/en\/wp-json\/wp\/v2\/media?parent=8184"}],"curies":[{"name":"wp","href":"https:\/\/api.w.org\/{rel}","templated":true}]}}