{"id":8282,"date":"2020-10-30T13:00:14","date_gmt":"2020-10-30T10:00:14","guid":{"rendered":"https:\/\/edico.com.tr\/firma-bilgileri\/"},"modified":"2020-10-31T00:19:29","modified_gmt":"2020-10-30T21:19:29","slug":"company-information","status":"publish","type":"page","link":"https:\/\/edico.com.tr\/en\/company-information\/","title":{"rendered":"Company Information"},"content":{"rendered":"<p>[vc_row][vc_column][vc_column_text text_larger=&#8221;no&#8221;]<strong>ED\u0130CO ET\u0130KET SAN. VE T\u0130C. A.\u015e.<\/strong><br \/>\n<strong>Adres:<\/strong> Maltepe Mh. Davutpa\u015fa Cd. Kale \u0130\u015f Merkezi<br \/>\nNo: 141\/183 Zeytinburnu, \u0130stanbul<br \/>\n<strong>Vergi D.:<\/strong> Davutpa\u015fa <strong>Vergi No:<\/strong>3240941845<\/p>\n<p>[\/vc_column_text][\/vc_column][\/vc_row][vc_row][vc_column][vc_separator color=&#8221;orange&#8221; align=&#8221;align_left&#8221; border_width=&#8221;2&#8243; el_width=&#8221;50&#8243;][\/vc_column][\/vc_row][vc_row][vc_column][vc_column_text text_larger=&#8221;no&#8221;]<strong>KUVEYT T\u00dcRK<\/strong><br \/>\n<strong>Al\u0131c\u0131 Ad\u0131:<\/strong> Edico Etiket San. ve Tic. A.\u015e.<br \/>\n<strong>Hesap No:<\/strong> 96515743<br \/>\n<strong>Iban:<\/strong> TR54 0020 5000 0965 1574 3000 01[\/vc_column_text][\/vc_column][\/vc_row]<\/p>\n","protected":false},"excerpt":{"rendered":"<p>[vc_row][vc_column][vc_column_text text_larger=&#8221;no&#8221;]ED\u0130CO ET\u0130KET SAN. VE T\u0130C. A.\u015e. Adres: Maltepe Mh. Davutpa\u015fa Cd. Kale \u0130\u015f Merkezi No: 141\/183 Zeytinburnu, \u0130stanbul Vergi<\/p>\n","protected":false},"author":2,"featured_media":0,"parent":0,"menu_order":0,"comment_status":"closed","ping_status":"closed","template":"","meta":{"_monsterinsights_skip_tracking":false,"_monsterinsights_sitenote_active":false,"_monsterinsights_sitenote_note":"","_monsterinsights_sitenote_category":0,"footnotes":""},"class_list":["post-8282","page","type-page","status-publish","hentry"],"yoast_head":"<!-- This site is optimized with the Yoast SEO plugin v24.6 - https:\/\/yoast.com\/wordpress\/plugins\/seo\/ -->\n<title>Company Information - Edico Etiket<\/title>\n<meta name=\"robots\" content=\"index, follow, max-snippet:-1, max-image-preview:large, max-video-preview:-1\" \/>\n<link rel=\"canonical\" href=\"https:\/\/edico.com.tr\/en\/company-information\/\" \/>\n<meta property=\"og:locale\" content=\"en_US\" \/>\n<meta property=\"og:type\" content=\"article\" \/>\n<meta property=\"og:title\" content=\"Company Information - Edico Etiket\" \/>\n<meta property=\"og:description\" content=\"[vc_row][vc_column][vc_column_text text_larger=&#8221;no&#8221;]ED\u0130CO ET\u0130KET SAN. VE T\u0130C. A.\u015e. Adres: Maltepe Mh. Davutpa\u015fa Cd. Kale \u0130\u015f Merkezi No: 141\/183 Zeytinburnu, \u0130stanbul Vergi\" \/>\n<meta property=\"og:url\" content=\"https:\/\/edico.com.tr\/en\/company-information\/\" \/>\n<meta property=\"og:site_name\" content=\"Edico Etiket\" \/>\n<meta property=\"article:modified_time\" content=\"2020-10-30T21:19:29+00:00\" \/>\n<meta name=\"twitter:card\" content=\"summary_large_image\" \/>\n<script type=\"application\/ld+json\" class=\"yoast-schema-graph\">{\"@context\":\"https:\/\/schema.org\",\"@graph\":[{\"@type\":\"WebPage\",\"@id\":\"https:\/\/edico.com.tr\/en\/company-information\/\",\"url\":\"https:\/\/edico.com.tr\/en\/company-information\/\",\"name\":\"Company Information - Edico Etiket\",\"isPartOf\":{\"@id\":\"https:\/\/edico.com.tr\/en\/#website\"},\"datePublished\":\"2020-10-30T10:00:14+00:00\",\"dateModified\":\"2020-10-30T21:19:29+00:00\",\"inLanguage\":\"en-US\",\"potentialAction\":[{\"@type\":\"ReadAction\",\"target\":[\"https:\/\/edico.com.tr\/en\/company-information\/\"]}]},{\"@type\":\"WebSite\",\"@id\":\"https:\/\/edico.com.tr\/en\/#website\",\"url\":\"https:\/\/edico.com.tr\/en\/\",\"name\":\"Edico Etiket\",\"description\":\"Bask\u0131l\u0131 ve Bask\u0131s\u0131z Etiket \u00dcreticisi\",\"potentialAction\":[{\"@type\":\"SearchAction\",\"target\":{\"@type\":\"EntryPoint\",\"urlTemplate\":\"https:\/\/edico.com.tr\/en\/?s={search_term_string}\"},\"query-input\":{\"@type\":\"PropertyValueSpecification\",\"valueRequired\":true,\"valueName\":\"search_term_string\"}}],\"inLanguage\":\"en-US\"}]}<\/script>\n<!-- \/ Yoast SEO plugin. -->","yoast_head_json":{"title":"Company Information - Edico Etiket","robots":{"index":"index","follow":"follow","max-snippet":"max-snippet:-1","max-image-preview":"max-image-preview:large","max-video-preview":"max-video-preview:-1"},"canonical":"https:\/\/edico.com.tr\/en\/company-information\/","og_locale":"en_US","og_type":"article","og_title":"Company Information - Edico Etiket","og_description":"[vc_row][vc_column][vc_column_text text_larger=&#8221;no&#8221;]ED\u0130CO ET\u0130KET SAN. VE T\u0130C. A.\u015e. Adres: Maltepe Mh. Davutpa\u015fa Cd. Kale \u0130\u015f Merkezi No: 141\/183 Zeytinburnu, \u0130stanbul Vergi","og_url":"https:\/\/edico.com.tr\/en\/company-information\/","og_site_name":"Edico Etiket","article_modified_time":"2020-10-30T21:19:29+00:00","twitter_card":"summary_large_image","schema":{"@context":"https:\/\/schema.org","@graph":[{"@type":"WebPage","@id":"https:\/\/edico.com.tr\/en\/company-information\/","url":"https:\/\/edico.com.tr\/en\/company-information\/","name":"Company Information - Edico Etiket","isPartOf":{"@id":"https:\/\/edico.com.tr\/en\/#website"},"datePublished":"2020-10-30T10:00:14+00:00","dateModified":"2020-10-30T21:19:29+00:00","inLanguage":"en-US","potentialAction":[{"@type":"ReadAction","target":["https:\/\/edico.com.tr\/en\/company-information\/"]}]},{"@type":"WebSite","@id":"https:\/\/edico.com.tr\/en\/#website","url":"https:\/\/edico.com.tr\/en\/","name":"Edico Etiket","description":"Bask\u0131l\u0131 ve Bask\u0131s\u0131z Etiket \u00dcreticisi","potentialAction":[{"@type":"SearchAction","target":{"@type":"EntryPoint","urlTemplate":"https:\/\/edico.com.tr\/en\/?s={search_term_string}"},"query-input":{"@type":"PropertyValueSpecification","valueRequired":true,"valueName":"search_term_string"}}],"inLanguage":"en-US"}]}},"_links":{"self":[{"href":"https:\/\/edico.com.tr\/en\/wp-json\/wp\/v2\/pages\/8282","targetHints":{"allow":["GET"]}}],"collection":[{"href":"https:\/\/edico.com.tr\/en\/wp-json\/wp\/v2\/pages"}],"about":[{"href":"https:\/\/edico.com.tr\/en\/wp-json\/wp\/v2\/types\/page"}],"author":[{"embeddable":true,"href":"https:\/\/edico.com.tr\/en\/wp-json\/wp\/v2\/users\/2"}],"replies":[{"embeddable":true,"href":"https:\/\/edico.com.tr\/en\/wp-json\/wp\/v2\/comments?post=8282"}],"version-history":[{"count":1,"href":"https:\/\/edico.com.tr\/en\/wp-json\/wp\/v2\/pages\/8282\/revisions"}],"predecessor-version":[{"id":8285,"href":"https:\/\/edico.com.tr\/en\/wp-json\/wp\/v2\/pages\/8282\/revisions\/8285"}],"wp:attachment":[{"href":"https:\/\/edico.com.tr\/en\/wp-json\/wp\/v2\/media?parent=8282"}],"curies":[{"name":"wp","href":"https:\/\/api.w.org\/{rel}","templated":true}]}}