{"id":8286,"date":"2020-10-29T03:44:15","date_gmt":"2020-10-29T00:44:15","guid":{"rendered":"https:\/\/edico.com.tr\/lazer-etiket\/"},"modified":"2020-11-03T14:20:22","modified_gmt":"2020-11-03T11:20:22","slug":"laser-label","status":"publish","type":"page","link":"https:\/\/edico.com.tr\/en\/laser-label\/","title":{"rendered":"Laser Label"},"content":{"rendered":"<p>[vc_row][vc_column][vc_single_image image=&#8221;8102&#8243; img_size=&#8221;1600&#215;400&#8243; alignment=&#8221;center&#8221; style=&#8221;vc_box_rounded&#8221; parallax_scroll=&#8221;no&#8221;][\/vc_column][\/vc_row][vc_row][vc_column width=&#8221;1\/2&#8243;][vc_custom_heading text=&#8221;Laser Labels&#8221; use_theme_fonts=&#8221;yes&#8221;][vc_column_text text_larger=&#8221;no&#8221;]A4 laser labels give excellent results with all laser and inkjet printers and photocopiers.<\/p>\n<p>Improves printing quality with its white color and smooth surface. Can fastly and safely stick even to cold and moist surfaces.<\/p>\n<p>Eco-friendly, FSC certified. %100 recyclable.[\/vc_column_text][\/vc_column][vc_column width=&#8221;1\/2&#8243;][\/vc_column][\/vc_row]<\/p>\n","protected":false},"excerpt":{"rendered":"<p>[vc_row][vc_column][vc_single_image image=&#8221;8102&#8243; img_size=&#8221;1600&#215;400&#8243; alignment=&#8221;center&#8221; style=&#8221;vc_box_rounded&#8221; parallax_scroll=&#8221;no&#8221;][\/vc_column][\/vc_row][vc_row][vc_column width=&#8221;1\/2&#8243;][vc_custom_heading text=&#8221;Laser Labels&#8221; use_theme_fonts=&#8221;yes&#8221;][vc_column_text text_larger=&#8221;no&#8221;]A4 laser labels give excellent results with all laser and<\/p>\n","protected":false},"author":1,"featured_media":0,"parent":0,"menu_order":0,"comment_status":"closed","ping_status":"closed","template":"","meta":{"_monsterinsights_skip_tracking":false,"_monsterinsights_sitenote_active":false,"_monsterinsights_sitenote_note":"","_monsterinsights_sitenote_category":0,"footnotes":""},"class_list":["post-8286","page","type-page","status-publish","hentry"],"yoast_head":"<!-- This site is optimized with the Yoast SEO plugin v24.6 - https:\/\/yoast.com\/wordpress\/plugins\/seo\/ -->\n<title>Laser Label - Edico Etiket<\/title>\n<meta name=\"robots\" content=\"index, follow, max-snippet:-1, max-image-preview:large, max-video-preview:-1\" \/>\n<link rel=\"canonical\" href=\"https:\/\/edico.com.tr\/en\/laser-label\/\" \/>\n<meta property=\"og:locale\" content=\"en_US\" \/>\n<meta property=\"og:type\" content=\"article\" \/>\n<meta property=\"og:title\" content=\"Laser Label - Edico Etiket\" \/>\n<meta property=\"og:description\" content=\"[vc_row][vc_column][vc_single_image image=&#8221;8102&#8243; img_size=&#8221;1600&#215;400&#8243; alignment=&#8221;center&#8221; style=&#8221;vc_box_rounded&#8221; parallax_scroll=&#8221;no&#8221;][\/vc_column][\/vc_row][vc_row][vc_column width=&#8221;1\/2&#8243;][vc_custom_heading text=&#8221;Laser Labels&#8221; use_theme_fonts=&#8221;yes&#8221;][vc_column_text text_larger=&#8221;no&#8221;]A4 laser labels give excellent results with all laser and\" \/>\n<meta property=\"og:url\" content=\"https:\/\/edico.com.tr\/en\/laser-label\/\" \/>\n<meta property=\"og:site_name\" content=\"Edico Etiket\" \/>\n<meta property=\"article:modified_time\" content=\"2020-11-03T11:20:22+00:00\" \/>\n<meta name=\"twitter:card\" content=\"summary_large_image\" \/>\n<script type=\"application\/ld+json\" class=\"yoast-schema-graph\">{\"@context\":\"https:\/\/schema.org\",\"@graph\":[{\"@type\":\"WebPage\",\"@id\":\"https:\/\/edico.com.tr\/en\/laser-label\/\",\"url\":\"https:\/\/edico.com.tr\/en\/laser-label\/\",\"name\":\"Laser Label - Edico Etiket\",\"isPartOf\":{\"@id\":\"https:\/\/edico.com.tr\/en\/#website\"},\"datePublished\":\"2020-10-29T00:44:15+00:00\",\"dateModified\":\"2020-11-03T11:20:22+00:00\",\"inLanguage\":\"en-US\",\"potentialAction\":[{\"@type\":\"ReadAction\",\"target\":[\"https:\/\/edico.com.tr\/en\/laser-label\/\"]}]},{\"@type\":\"WebSite\",\"@id\":\"https:\/\/edico.com.tr\/en\/#website\",\"url\":\"https:\/\/edico.com.tr\/en\/\",\"name\":\"Edico Etiket\",\"description\":\"Bask\u0131l\u0131 ve Bask\u0131s\u0131z Etiket \u00dcreticisi\",\"potentialAction\":[{\"@type\":\"SearchAction\",\"target\":{\"@type\":\"EntryPoint\",\"urlTemplate\":\"https:\/\/edico.com.tr\/en\/?s={search_term_string}\"},\"query-input\":{\"@type\":\"PropertyValueSpecification\",\"valueRequired\":true,\"valueName\":\"search_term_string\"}}],\"inLanguage\":\"en-US\"}]}<\/script>\n<!-- \/ Yoast SEO plugin. -->","yoast_head_json":{"title":"Laser Label - Edico Etiket","robots":{"index":"index","follow":"follow","max-snippet":"max-snippet:-1","max-image-preview":"max-image-preview:large","max-video-preview":"max-video-preview:-1"},"canonical":"https:\/\/edico.com.tr\/en\/laser-label\/","og_locale":"en_US","og_type":"article","og_title":"Laser Label - Edico Etiket","og_description":"[vc_row][vc_column][vc_single_image image=&#8221;8102&#8243; img_size=&#8221;1600&#215;400&#8243; alignment=&#8221;center&#8221; style=&#8221;vc_box_rounded&#8221; parallax_scroll=&#8221;no&#8221;][\/vc_column][\/vc_row][vc_row][vc_column width=&#8221;1\/2&#8243;][vc_custom_heading text=&#8221;Laser Labels&#8221; use_theme_fonts=&#8221;yes&#8221;][vc_column_text text_larger=&#8221;no&#8221;]A4 laser labels give excellent results with all laser and","og_url":"https:\/\/edico.com.tr\/en\/laser-label\/","og_site_name":"Edico Etiket","article_modified_time":"2020-11-03T11:20:22+00:00","twitter_card":"summary_large_image","schema":{"@context":"https:\/\/schema.org","@graph":[{"@type":"WebPage","@id":"https:\/\/edico.com.tr\/en\/laser-label\/","url":"https:\/\/edico.com.tr\/en\/laser-label\/","name":"Laser Label - Edico Etiket","isPartOf":{"@id":"https:\/\/edico.com.tr\/en\/#website"},"datePublished":"2020-10-29T00:44:15+00:00","dateModified":"2020-11-03T11:20:22+00:00","inLanguage":"en-US","potentialAction":[{"@type":"ReadAction","target":["https:\/\/edico.com.tr\/en\/laser-label\/"]}]},{"@type":"WebSite","@id":"https:\/\/edico.com.tr\/en\/#website","url":"https:\/\/edico.com.tr\/en\/","name":"Edico Etiket","description":"Bask\u0131l\u0131 ve Bask\u0131s\u0131z Etiket \u00dcreticisi","potentialAction":[{"@type":"SearchAction","target":{"@type":"EntryPoint","urlTemplate":"https:\/\/edico.com.tr\/en\/?s={search_term_string}"},"query-input":{"@type":"PropertyValueSpecification","valueRequired":true,"valueName":"search_term_string"}}],"inLanguage":"en-US"}]}},"_links":{"self":[{"href":"https:\/\/edico.com.tr\/en\/wp-json\/wp\/v2\/pages\/8286","targetHints":{"allow":["GET"]}}],"collection":[{"href":"https:\/\/edico.com.tr\/en\/wp-json\/wp\/v2\/pages"}],"about":[{"href":"https:\/\/edico.com.tr\/en\/wp-json\/wp\/v2\/types\/page"}],"author":[{"embeddable":true,"href":"https:\/\/edico.com.tr\/en\/wp-json\/wp\/v2\/users\/1"}],"replies":[{"embeddable":true,"href":"https:\/\/edico.com.tr\/en\/wp-json\/wp\/v2\/comments?post=8286"}],"version-history":[{"count":2,"href":"https:\/\/edico.com.tr\/en\/wp-json\/wp\/v2\/pages\/8286\/revisions"}],"predecessor-version":[{"id":8808,"href":"https:\/\/edico.com.tr\/en\/wp-json\/wp\/v2\/pages\/8286\/revisions\/8808"}],"wp:attachment":[{"href":"https:\/\/edico.com.tr\/en\/wp-json\/wp\/v2\/media?parent=8286"}],"curies":[{"name":"wp","href":"https:\/\/api.w.org\/{rel}","templated":true}]}}